{"id":3,"date":"2024-08-08T07:35:40","date_gmt":"2024-08-08T07:35:40","guid":{"rendered":"https:\/\/legitrack.africa\/?page_id=3"},"modified":"2025-09-29T00:53:50","modified_gmt":"2025-09-29T00:53:50","slug":"privacy-policy","status":"publish","type":"page","link":"https:\/\/legitrack.africa\/?page_id=3","title":{"rendered":"Politique de Confidentialit\u00e9"},"content":{"rendered":"\t\t<div data-elementor-type=\"wp-page\" data-elementor-id=\"3\" class=\"elementor elementor-3\" data-elementor-post-type=\"page\">\n\t\t\t\t<div class=\"elementor-element elementor-element-3f63f250 e-flex e-con-boxed e-con e-parent\" data-id=\"3f63f250\" data-element_type=\"container\">\n\t\t\t\t\t<div class=\"e-con-inner\">\n\t\t\t\t<div class=\"elementor-element elementor-element-29bb1ca9 elementor-widget elementor-widget-text-editor\" data-id=\"29bb1ca9\" data-element_type=\"widget\" data-widget_type=\"text-editor.default\">\n\t\t\t\t<div class=\"elementor-widget-container\">\n\t\t\t\t\t\t\t\t\t\n<h3 class=\"wp-block-heading\">1. Responsable du traitement<\/h3>\n\n<p>Legitrack \u2013 email\u202f: admin@legitrack.africa<\/p>\n\n<h3 class=\"wp-block-heading\">2. Donn\u00e9es collect\u00e9es<\/h3>\n\n<p>Nous collectons :<\/p>\n\n<ul class=\"wp-block-list\">\n<li>Donn\u00e9es saisies\u202f: nom, pr\u00e9nom, nom d\u2019entreprise, email professionnel<\/li>\n\n<li>Donn\u00e9es de connexion\u202f: logs, cookies strictement n\u00e9cessaires et analytiques<\/li>\n\n<li>Donn\u00e9es de navigation anonymis\u00e9es<\/li>\n<\/ul>\n\n<h3 class=\"wp-block-heading\">3. Finalit\u00e9s<\/h3>\n\n<ul class=\"wp-block-list\">\n<li>Authentification et gestion des acc\u00e8s<\/li>\n\n<li>Statistiques de fr\u00e9quentation et am\u00e9lioration du site<\/li>\n\n<li>Respect des obligations l\u00e9gales et s\u00e9curit\u00e9<\/li>\n<\/ul>\n\n<h3 class=\"wp-block-heading\">4. Dur\u00e9e de conservation<\/h3>\n\n<ul class=\"wp-block-list\">\n<li>Donn\u00e9es de contact\u202f: conserv\u00e9es pendant 3 ans apr\u00e8s le dernier contact<\/li>\n\n<li>Logs et cookies\u202f: selon la r\u00e9glementation en vigueur (13 mois max pour cookies analytiques)<\/li>\n<\/ul>\n\n<h3 class=\"wp-block-heading\">5. Destinataires<\/h3>\n\n<p>Vos donn\u00e9es sont communiqu\u00e9es uniquement \u00e0\u202f:<\/p>\n\n<ul class=\"wp-block-list\">\n<li>Nos prestataires techniques (h\u00e9bergement, email, analytics)<\/li>\n\n<li>Nos services internes (support)<\/li>\n\n<li>Autorit\u00e9s l\u00e9gales si requis<\/li>\n<\/ul>\n\n<h3 class=\"wp-block-heading\">6. S\u00e9curit\u00e9<\/h3>\n\n<p>Nous mettons en place des mesures techniques et organisationnelles pour prot\u00e9ger vos donn\u00e9es (contr\u00f4le d\u2019acc\u00e8s, audits r\u00e9guliers).<\/p>\n\n<h3 class=\"wp-block-heading\">7. Droits des utilisateurs<\/h3>\n\n<p>Vous disposez d\u2019un droit d\u2019acc\u00e8s, de rectification, d\u2019effacement, d\u2019opposition, de limitation et de portabilit\u00e9. Pour exercer vos droits\u202f: admin@legitrack.africa<\/p>\n\n<h3 class=\"wp-block-heading\">8. Cookies<\/h3>\n\n<p>Le site utilise :<\/p>\n\n<ul class=\"wp-block-list\">\n<li>Cookies strictement n\u00e9cessaires<\/li>\n\n<li>Cookies de performance (analytiques)<br \/>Vous pouvez g\u00e9rer vos pr\u00e9f\u00e9rences via votre navigateur.<\/li>\n<\/ul>\n\n<h3 class=\"wp-block-heading\">9. Modification de la politique<\/h3>\n\n<p>Nous nous r\u00e9servons le droit de modifier la pr\u00e9sente politique. La date de mise \u00e0 jour sera pr\u00e9cis\u00e9e en t\u00eate de document.<\/p>\n\n<h3 class=\"wp-block-heading\">10. Droit applicable<\/h3>\n\n<p>La pr\u00e9sente politique est soumise au droit fran\u00e7ais. Tout litige sera soumis aux tribunaux de Lille.<\/p>\n\t\t\t\t\t\t\t\t<\/div>\n\t\t\t\t<\/div>\n\t\t\t\t\t<\/div>\n\t\t\t\t<\/div>\n\t\t\t\t<\/div>\n\t\t","protected":false},"excerpt":{"rendered":"<p>1. Responsable du traitement Legitrack \u2013 email\u202f: admin@legitrack.africa 2. Donn\u00e9es collect\u00e9es Nous collectons : 3. Finalit\u00e9s 4. Dur\u00e9e de conservation 5. Destinataires Vos donn\u00e9es sont communiqu\u00e9es uniquement \u00e0\u202f: 6. S\u00e9curit\u00e9 Nous mettons en place des mesures techniques et organisationnelles pour prot\u00e9ger vos donn\u00e9es (contr\u00f4le d\u2019acc\u00e8s, audits r\u00e9guliers). 7. Droits des utilisateurs Vous disposez d\u2019un droit [&hellip;]<\/p>\n","protected":false},"author":1,"featured_media":0,"parent":0,"menu_order":0,"comment_status":"closed","ping_status":"open","template":"","meta":{"footnotes":""},"class_list":["post-3","page","type-page","status-publish","hentry"],"_links":{"self":[{"href":"https:\/\/legitrack.africa\/index.php?rest_route=\/wp\/v2\/pages\/3","targetHints":{"allow":["GET"]}}],"collection":[{"href":"https:\/\/legitrack.africa\/index.php?rest_route=\/wp\/v2\/pages"}],"about":[{"href":"https:\/\/legitrack.africa\/index.php?rest_route=\/wp\/v2\/types\/page"}],"author":[{"embeddable":true,"href":"https:\/\/legitrack.africa\/index.php?rest_route=\/wp\/v2\/users\/1"}],"replies":[{"embeddable":true,"href":"https:\/\/legitrack.africa\/index.php?rest_route=%2Fwp%2Fv2%2Fcomments&post=3"}],"version-history":[{"count":6,"href":"https:\/\/legitrack.africa\/index.php?rest_route=\/wp\/v2\/pages\/3\/revisions"}],"predecessor-version":[{"id":2093,"href":"https:\/\/legitrack.africa\/index.php?rest_route=\/wp\/v2\/pages\/3\/revisions\/2093"}],"wp:attachment":[{"href":"https:\/\/legitrack.africa\/index.php?rest_route=%2Fwp%2Fv2%2Fmedia&parent=3"}],"curies":[{"name":"wp","href":"https:\/\/api.w.org\/{rel}","templated":true}]}}